{"id":449,"date":"2018-01-13T11:11:42","date_gmt":"2018-01-13T10:11:42","guid":{"rendered":"http:\/\/stadtpfadfinder.org\/?page_id=449"},"modified":"2018-01-13T15:31:30","modified_gmt":"2018-01-13T14:31:30","slug":"unterseite-2","status":"publish","type":"page","link":"http:\/\/stadtpfadfinder.org\/?page_id=449","title":{"rendered":"Allzeitbereitp\u00e4ckchen &#8211; AZP"},"content":{"rendered":"<p>M\u00f6glicher Inhalt:<\/p>\n<ul>\n<li>Papier ( A 5)<\/li>\n<li>Gewebeband schwarz \/gr\u00fcn<\/li>\n<li>Alufolie<\/li>\n<li>Pinzette<\/li>\n<li>Erste-Hilfe-Brosch\u00fcre<\/li>\n<li>B\u00fcroklammern<\/li>\n<li>Mullbinde<\/li>\n<li>gr. Kerze<\/li>\n<li>Bleistift<\/li>\n<li>Sicherheitsnadel<\/li>\n<li>Draht<\/li>\n<li>Bohrer<\/li>\n<li>2 \u20ac<\/li>\n<li>Streichh\u00f6lzer<\/li>\n<li>Wundkompresse<\/li>\n<li>Nadel<\/li>\n<li>Kreide ( Speckstein, Gips)<\/li>\n<li>Faden<\/li>\n<li>3 versch. Gummib\u00e4nder<\/li>\n<li>Fingerling<\/li>\n<li>Reinigungstuch<\/li>\n<li>gr. Wundpflaster<\/li>\n<li>Kleine Taschenlampe<\/li>\n<li>T\u00fcte<\/li>\n<li>Becher<\/li>\n<li>Schmirgelpapier<\/li>\n<li>Heftpflasterspule<\/li>\n<li>Band<\/li>\n<li>Radiergummi<\/li>\n<li>Magnet<\/li>\n<\/ul>\n","protected":false},"excerpt":{"rendered":"<p>M\u00f6glicher Inhalt: Papier ( A 5) Gewebeband schwarz \/gr\u00fcn Alufolie Pinzette Erste-Hilfe-Brosch\u00fcre B\u00fcroklammern Mullbinde gr. Kerze Bleistift Sicherheitsnadel Draht Bohrer 2 \u20ac Streichh\u00f6lzer Wundkompresse Nadel Kreide ( Speckstein, Gips) Faden 3 versch. Gummib\u00e4nder Fingerling Reinigungstuch gr. Wundpflaster Kleine Taschenlampe T\u00fcte Becher Schmirgelpapier Heftpflasterspule Band Radiergummi Magnet<\/p>\n","protected":false},"author":1,"featured_media":0,"parent":0,"menu_order":0,"comment_status":"closed","ping_status":"closed","template":"","meta":[],"_links":{"self":[{"href":"http:\/\/stadtpfadfinder.org\/index.php?rest_route=\/wp\/v2\/pages\/449"}],"collection":[{"href":"http:\/\/stadtpfadfinder.org\/index.php?rest_route=\/wp\/v2\/pages"}],"about":[{"href":"http:\/\/stadtpfadfinder.org\/index.php?rest_route=\/wp\/v2\/types\/page"}],"author":[{"embeddable":true,"href":"http:\/\/stadtpfadfinder.org\/index.php?rest_route=\/wp\/v2\/users\/1"}],"replies":[{"embeddable":true,"href":"http:\/\/stadtpfadfinder.org\/index.php?rest_route=%2Fwp%2Fv2%2Fcomments&post=449"}],"version-history":[{"count":5,"href":"http:\/\/stadtpfadfinder.org\/index.php?rest_route=\/wp\/v2\/pages\/449\/revisions"}],"predecessor-version":[{"id":460,"href":"http:\/\/stadtpfadfinder.org\/index.php?rest_route=\/wp\/v2\/pages\/449\/revisions\/460"}],"wp:attachment":[{"href":"http:\/\/stadtpfadfinder.org\/index.php?rest_route=%2Fwp%2Fv2%2Fmedia&parent=449"}],"curies":[{"name":"wp","href":"https:\/\/api.w.org\/{rel}","templated":true}]}}